{"id":583,"date":"2017-03-26T18:49:05","date_gmt":"2017-03-26T16:49:05","guid":{"rendered":"http:\/\/www.davidmichaelclarke.com\/?page_id=583"},"modified":"2019-06-20T07:54:28","modified_gmt":"2019-06-20T05:54:28","slug":"exhibitions-and-residencies","status":"publish","type":"page","link":"http:\/\/www.davidmichaelclarke.com\/?page_id=583&lang=en","title":{"rendered":"Exhibitions and Residencies"},"content":{"rendered":"<p><strong>2019<\/strong><\/p>\n<p>\u2022&nbsp;&nbsp; <strong>Artoth\u00e8que de Vitr\u00e9<\/strong>, Salle du Temple, Vitr\u00e9, France. Madame Orain and the Paimpol bean. Group exhibition.<br \/>\n\u2022&nbsp;&nbsp; <strong>Artoth\u00e8que de Vitr\u00e9<\/strong>, M\u00e9diath\u00e8que, Vitr\u00e9, France. Solarium. Participative&nbsp;exhibition.<br \/>\n\u2022&nbsp;&nbsp; <strong>Artoth\u00e8que de Vitr\u00e9<\/strong>, Centre Culturel, Vitr\u00e9, France. Chez soi, demain maintenant. Group exhibition.<br \/>\n\u2022&nbsp;&nbsp; <strong>RDV \u00e0 Saint-Briac<\/strong>, Saint-Briac, France. Focus on sculpture.&nbsp;Golf de Dinard and the Ch\u00e2teau de Nessay.<\/p>\n<p><strong>2018<\/strong><\/p>\n<p>\u2022&nbsp;&nbsp; <strong>La Chapelle Saint Jacques<\/strong>, Saint-Gaudens, France. Hotel Dynamite. Workshop \/ Group Exhibition.<br \/>\n\u2022&nbsp;&nbsp; <strong>Le Carroi, Mus\u00e9es de Chinon<\/strong>, Chinon France. Piano Piano. Group Exhibition. Curator : Cindy Daguenet.<br \/>\n\u2022&nbsp;&nbsp; <strong>Galerie Satellite<\/strong>, Paris, France. Rikiki. Group Exhibition. Curator : Jo\u00ebl Hubaut.<br \/>\n\u2022&nbsp; &nbsp;<strong>RDV \u00e0 Saint-Briac<\/strong>, Saint-Briac, France. Duo Exhibition&nbsp;with Andr\u00e9 M\u00e9rian. Curator : Isabelle Tessier.<br \/>\n\u2022 &nbsp;&nbsp; <strong>M\u00e9diath\u00e8que Le Grand Nord<\/strong>, Mayenne, France. Solarium. Solo Exhibition.<\/p>\n<p><strong>2017<\/strong><\/p>\n<p>\u2022&nbsp;&nbsp; <strong>La Cuisine<\/strong>, N\u00e8grepelisse, France. Madame Orain et la Mogette Magique. Group Exhibition.<br \/>\n\u2022&nbsp;&nbsp; <strong>Le Kiosque \/ L&rsquo;Atelier<\/strong>, Mayenne, France. Residency.<br \/>\n\u2022&nbsp;&nbsp; <strong>FRAC Normandie Caen \/ Le Pavillon<\/strong>, Caen. Dehors-Dedans. Group Exhibition.<br \/>\n\u2022&nbsp;&nbsp; <strong>FRAC Normandie Caen \/ Coll\u00e8ge Saint-Th\u00e9r\u00e8se<\/strong>, Saint-Pierre-sur-Dives, France. Residency.<br \/>\n\u2022&nbsp;&nbsp; <strong>FRAC Normandie Caen \/ Le Radar<\/strong>, Bayeux, France. Maison Mod\u00e8le. Group Exhibition.<\/p>\n<p><strong>2016<\/strong><\/p>\n<p>\u2022&nbsp;&nbsp; <strong>Mus\u00e9e Calbet<\/strong>, Grisolles, France. The Stuff of Dreams. Solo Exhibition.<br \/>\n\u2022&nbsp;&nbsp; <strong>AFIAC \/ La Plan\u00e9si\u00e9<\/strong>, Castres, France. Subterranean Duplex Solution. Residency.<br \/>\n\u2022&nbsp;&nbsp; <strong>FRAC Normandie Caen \/ Les Bains Douches<\/strong>, Alen\u00e7on, France. The House That Jack Built. Group Exhibition.<\/p>\n<p><strong>2015<\/strong><\/p>\n<p>\u2022&nbsp;&nbsp; <strong>La Chapelle du Gen\u00eateil<\/strong>, Ch\u00e2teau-Gontier, France. Outside-In. Duo exhibition with Anabelle Hulaut.<br \/>\n\u2022&nbsp;&nbsp; <strong>La Chapelle des Calvariennes<\/strong>, Mayenne, France. La Chapelle Fifteen. Group Exhibition.<br \/>\n\u2022&nbsp;&nbsp; <strong>La Chapelle des Calvariennes<\/strong>, La Nuit Blanche Mayenne. Group Exhibition.<br \/>\n\u2022&nbsp;&nbsp; <strong>Fondation Louis Vuitton \/ AMAC<\/strong>, Paris, France. Recto-Verso. Group Exhibition.<\/p>\n<p><strong>2014<\/strong><\/p>\n<p>\u2022&nbsp;&nbsp; <strong>La Galerie du Dourven<\/strong>, Tr\u00e9dez-Locqu\u00e9meau, France. Flying Black Cow Utopia Club [parts 1 &amp; 2]. Group Exhibition.<br \/>\n\u2022&nbsp;&nbsp; <strong>Piac\u00e9-Le-Radieux<\/strong>, Piac\u00e9, France. La Quinzaine Radieuse #06. Group Exhibition.<br \/>\n\u2022&nbsp;&nbsp; <strong>Galerie RDV<\/strong>, Nantes, France. Multiples #05. Group Exhibition.<br \/>\n\u2022&nbsp;&nbsp; <strong>Le Radar<\/strong>, Bayeux, France. 70 combats pour la libert\u00e9. Group Exhibition.<br \/>\n\u2022&nbsp;&nbsp; <strong>Mus\u00e9e Le Carroi<\/strong>, Chinon, France. Roulez les M\u00e9caniques. Group Exhibition.<br \/>\n\u2022&nbsp;&nbsp; <strong>FRAC Bretagne<\/strong>, Rennes, France. Langue des oiseaux et coq \u00e0 l\u2019\u00e2ne. Group Exhibition.<\/p>\n<p><strong>2013<\/strong><\/p>\n<p>\u2022&nbsp;&nbsp; <strong>La Galerie du Dourven<\/strong><strong>&nbsp;\/ Lyc\u00e9e F\u00e9lix Le Dantec<\/strong>, Lannion, France. Residency.<br \/>\n\u2022&nbsp;&nbsp; <strong>Galerie RDV<\/strong>, Nantes, France. Post Gods. Solo Exhibition.<br \/>\n\u2022&nbsp;&nbsp; <strong>Universit\u00e9 de Nantes \/ Biblioth\u00e8que de Droit<\/strong>, Nantes, France. Jeu de langage. Group Exhibition.<br \/>\n\u2022&nbsp;&nbsp; <strong>La Galerie du Dourven<\/strong>, Tr\u00e9dez-Locqu\u00e9meau, France. Trucville. Group Exhibition.<\/p>\n<p><strong>2012<\/strong><\/p>\n<p>\u2022&nbsp;&nbsp; <strong>AFIAC<\/strong>, St Paul Cap de Joux, France. Voire [art &amp; embarras de choix]. Group Exhibition.<br \/>\n\u2022&nbsp;&nbsp; <strong>\u00c9cole Sup\u00e9rieure des Beaux-Arts de Nantes<\/strong>, Nantes, France. Multiples. Group Exhibition.<br \/>\n\u2022&nbsp;&nbsp; <strong>Le Ch\u00e2teau du Lude<\/strong>, Le Lude, France. Bourg-Joly au Lude. Group Exhibition.<br \/>\n\u2022&nbsp;&nbsp; <strong>The memory of elephants<\/strong>, L&rsquo;Atelier, Nantes, France. The memory of elephants. Group exhibition.<br \/>\n\u2022&nbsp;&nbsp; <strong>Espace Fa\u00efence<\/strong>, Malicorne, France. Post Gods. Solo exhibition.<\/p>\n<p><strong>2011<\/strong><\/p>\n<p>\u2022&nbsp;&nbsp; <strong>Galerie RDV<\/strong>, Nantes, France. Obs\u00e9d\u00e9s Textuels. Group Exhibition. Curator : Jean-Fran\u00e7ois Guillon.<br \/>\n\u2022&nbsp;&nbsp; <strong>Centre d&rsquo;art contemporain de Pontmain<\/strong>, Pontmain, France. Ecoutez-Voir. Group Exhibition. Curator : Anna\u00efk Besnier.<br \/>\n\u2022&nbsp;&nbsp; <strong>La Chapelle du Gen\u00eateil<\/strong>, Ch\u00e2teau Gontier, France. Trucville. Group Exhibition. Curator : Bertrand Godot.<br \/>\n\u2022&nbsp;&nbsp; <strong>Galerie APDV<\/strong>, Paris, France. Un vide noir gr\u00e9sille. Group exhibition. Curator : Yvon Nouzille.<br \/>\n\u2022&nbsp;&nbsp; <strong>CCC<\/strong>, Tours, France. La Reprise. Group exhibition. Curators : Pascal Rousseau and the students of the Rabelais University.<br \/>\n\u2022&nbsp;&nbsp; <strong>Centre Culturel Jo\u00ebl Le Theule<\/strong>, Sabl\u00e9, France. Versions Originales. Solo exhibition.<\/p>\n<p><strong>2010<\/strong><\/p>\n<p>\u2022&nbsp;&nbsp; <strong>Galerie RDV<\/strong>, Nantes, France. Quadrature. Group exhibition. Curated by Jean-Fran\u00e7ois Courtillat.<br \/>\n\u2022&nbsp;&nbsp; <strong>La Carri\u00e8re de Normandoux<\/strong>, Poiters, France. Summer Nights. Group Exhibition.<br \/>\n\u2022&nbsp;&nbsp; <strong>Galerie Immix<\/strong>, Paris, France. Toi, Moi, Ici, L\u00e0. Group exhibition with Ivan Argote &amp; Paul Pouvreau.<br \/>\n\u2022&nbsp;&nbsp; <strong>Piac\u00e9-Le-Radieux<\/strong>, Piac\u00e9, France. La Quinzaine Radieuse #02. Group Exhibition.<br \/>\n\u2022&nbsp;&nbsp; <strong>White Office<\/strong>, Tours, France. Afterall [love is love as love]. Solo exhibition.<\/p>\n<p><strong>2009<\/strong><\/p>\n<p>\u2022&nbsp;&nbsp; <strong>La Chapelle du Gen\u00eateil<\/strong>, Ch\u00e2teau Gontier, France. Mes Dalton. Group Exhibition. Curated by Bertrand Godot.<br \/>\n\u2022&nbsp;&nbsp; <strong>Le Ring<\/strong>, Nantes, France. To the limit &#8211; The Hypothetical Continent. Curated by Emmanuelle Ch\u00e9rel and G\u00e9rard Hauray.<br \/>\n\u2022&nbsp;&nbsp; <strong>La Carri\u00e8re de Normandoux<\/strong>, Poiters, France. Summer Nights. Group Exhibition.<br \/>\n\u2022&nbsp;&nbsp; <strong>Art dans les jardins<\/strong>, Ch\u00e2teau Gontier, France. Group project.<br \/>\n\u2022&nbsp;&nbsp; <strong>Salon de Montrouge<\/strong>, Paris, France. Curated by St\u00e9phane Corr\u00e9ard and Sandra Cattini.<\/p>\n<p><strong>2008<\/strong><\/p>\n<p>\u2022&nbsp;&nbsp; <strong>Netwerk<\/strong>, Aalst, Belgium. Invited by Neal Beggs to &lsquo;guest&rsquo; in the exhibition &#8211; Belgium is Not a Road.<br \/>\n\u2022&nbsp;&nbsp; <strong>White Office<\/strong>, Tours, France. Invited by Neal Beggs to &lsquo;guest&rsquo; in the exhibition &#8211; Les P\u00e9riades Bivouac.<br \/>\n\u2022&nbsp;&nbsp; <strong>Grand H\u00f4tel<\/strong>, Cabourg, France. Le temps retrouv\u00e9. Group exhibition. Curator : Pierre-St\u00e9phane Proust.<\/p>\n<p><strong>2007<\/strong><\/p>\n<p>\u2022&nbsp;&nbsp; <strong>Institut Fran\u00e7ais de l&rsquo;Ecosse<\/strong>, Edinburgh, Scotland. Y\u00e9Y\u00e9. Group exhibition with Michelle Naismith.&nbsp;Curator : Neil Mulholland.<br \/>\n\u2022&nbsp;&nbsp; <strong>FRAC Franche-Comte<\/strong>, The Unexpected. Group exhibition, Ch\u00e2teau de Champlitte, France.<br \/>\n\u2022&nbsp;&nbsp; <strong>Galerie LH<\/strong>, Paris, France. Group exhibition with Damien Mazi\u00e8res, Nicolas Milh\u00e9,&nbsp;Vincent Kohler &amp; Sylvain Rousseau.<br \/>\n\u2022&nbsp;&nbsp; <strong>Galerie LH<\/strong>, Paris, France. Roughnecks. Group exhibition. Curators : Fran\u00e7ois Alleaume &amp; Beno\u00eet Porcher.<br \/>\n\u2022&nbsp;&nbsp; <strong>Octave Cowbell<\/strong>, Metz, France. 1000,044th Birthday Party for Art.<\/p>\n<p><strong>2006<\/strong><\/p>\n<p>\u2022&nbsp;&nbsp; <strong>End Gallery<\/strong>, Sheffield, England. Objects in Waiting.&nbsp;Group exhibition. Curators : Penny Whitehead, Tom Newell.<br \/>\n\u2022&nbsp;&nbsp; <strong>Glassbox<\/strong>, Paris, France. Cosa Nostra. Group exhibition.<br \/>\n\u2022&nbsp;&nbsp; <strong>Museum MAN<\/strong>, Liverpool Biennial Independents, Liverpool, England. Gift. Group exhibition.&nbsp;Curators : Penny Whitehead, Daniel Simpkins.<\/p>\n<p><strong>2004<\/strong><\/p>\n<p>\u2022&nbsp;&nbsp; <strong>FRAC Pays de la Loire<\/strong>, Carquefou, France. Inou&amp;iuml &#8211; Residency with Lo\u00efc Touz\u00e9.<br \/>\n\u2022&nbsp;&nbsp; <strong>Lieu Unique<\/strong>, Nantes, France. Laboratoire d&rsquo;Artistes. Residency.<\/p>\n<p><strong>2003<\/strong><\/p>\n<p>\u2022&nbsp;&nbsp; <strong>Castel Coucou<\/strong>, Forbach, France. Sur le Pont. Group exhibition.<br \/>\n\u2022&nbsp;&nbsp; <strong>FRAC Basse-Normandie<\/strong>, Caen, France. Oxymory. Group exhibition. Curator : Jo\u00ebl Hubaut.<br \/>\n\u2022&nbsp;&nbsp; <strong>Project 4L<\/strong>, Istanbul, Turkey. Entre\/Arada.&nbsp;Group exhibition. Curator : Ali Akay.<br \/>\n\u2022&nbsp;&nbsp; <strong>Malakoff studios<\/strong>, Nantes, France. Volumes. Group exhibition.<\/p>\n<p><strong>2002<\/strong><\/p>\n<p>\u2022&nbsp;&nbsp; <strong>Biais studios<\/strong>, Nantes, France. Painting Cardboard and&nbsp;Candy Apple White. Group exhibition with Emmanuelle Bodevin.<br \/>\n\u2022&nbsp;&nbsp; <strong>FRAC Pays de la Loire<\/strong>, Carquefou, France. Non. Solo exhibition.<br \/>\n\u2022 &nbsp;&nbsp;<strong>Galerie du Bellay<\/strong>, Rouen, France. M\u00eame Pas. Solo exhibition.<br \/>\n\u2022&nbsp;&nbsp; <strong>Wharf, Centre d&rsquo;Art Contemporain de Basse-Normandie<\/strong>, H\u00e9rouville St Clair, France.&nbsp;Tant Pis Pour Toi. Solo exhibition.<\/p>\n<p><strong>2001<\/strong><\/p>\n<p>\u2022&nbsp;&nbsp; <strong>Randers Kunstmuseum<\/strong>, Randers, Denmark. Standard Rum. Group exhibition. Organized by&nbsp;International Boutique &amp; Korner&rsquo;s Kontor.<br \/>\n\u2022&nbsp;&nbsp; <strong>La Grillonnais<\/strong>, Nantes, France. Group exhibition. Curator : Michel Gerson.<br \/>\n\u2022&nbsp;&nbsp; <strong>Le Parvis<\/strong>, Centre d&rsquo;Art Contemporain, Tarbes, France. SOBI Katalyse.&nbsp;Group exhibition. Curator : J\u00f6el Hubaut.<\/p>\n<p><strong>2000<\/strong><\/p>\n<p>\u2022&nbsp;&nbsp; <strong>Artissima<\/strong>, Turin, Italy. Sentimental Rioters. Group exhibition. Organized by International Boutique.<br \/>\n\u2022&nbsp;&nbsp; <strong>La Galerie du Jour Agn\u00e8s b<\/strong>, Paris, France. Affinit\u00e9s Electives. Group exhibition.<br \/>\n\u2022&nbsp;&nbsp; <strong>Plimsoll Gallery<\/strong>, Hobart, Tasmania. Heart On Your Sleeve. Group exhibition.Curator : Kylie Johnson.<br \/>\n\u2022&nbsp;&nbsp; <strong>Fondazione Teseco<\/strong>, Pisa, Italy. Insensatezza. Group exhibition. Curator : Luca Cerriza.<br \/>\n\u2022&nbsp;&nbsp; <strong>Lieu Unique<\/strong>, Nantes, France. Actif \/ Reactif. Group exhibition. Curators : Patricia Solini, Robert Fleck.<br \/>\n\u2022&nbsp;&nbsp; <strong>Galeries Lafayette<\/strong>, Nantes, France. Group exhibition. Organized by International Boutique.<br \/>\n\u2022&nbsp;&nbsp; <strong>Public<\/strong>, Paris, France. Group exhibition. Organized by International Boutique.<br \/>\n\u2022&nbsp;&nbsp; <strong>Collective Gallery<\/strong>, Edinburgh, Scotland. Pixelvision. Group exhibition [travelling show].<br \/>\n\u2022&nbsp;&nbsp; <strong>Klemens Gasser &amp; Tanja Grunert Inc<\/strong>, New York, USA. One Night Stand.&nbsp;Group exhibition. Curator : Robert Fleck.<br \/>\n\u2022&nbsp;&nbsp; <strong>Travelling Gallery<\/strong>, Edinburgh, Scotland. On Land. Group exhibition [travelling show].<\/p>\n<p><strong>1999<\/strong><\/p>\n<p>\u2022&nbsp;&nbsp; <strong>Wharf, Centre d&rsquo;Art Contemporain de Basse-Normandie<\/strong>, H\u00e9rouville St Clair, France.&nbsp;Rencontres Vid\u00e9o Art Plastique. Group exhibition.<br \/>\n\u2022&nbsp;&nbsp; <strong>Zoo Gallery<\/strong>, Nantes, France. Zero Gravity. Group exhibition.<br \/>\n\u2022&nbsp;&nbsp; <strong>Centre for Contemporary Arts<\/strong>, Glasgow, Scotland. MFA Glasgow. Group exhibition.<br \/>\n\u2022&nbsp;&nbsp; <strong>B2 Projektraum<\/strong>, Leipzig, Germany. Surprise. Group exhibition.<br \/>\n\u2022&nbsp;&nbsp; <strong>The Gasworks<\/strong>, London, England. Passion. Group exhibition.<br \/>\n\u2022&nbsp;&nbsp; <strong>Collective Gallery<\/strong>, Edinburgh, Scotland. Hot In The City. Group exhibition.<\/p>\n<p><strong>1998<\/strong><\/p>\n<p>\u2022&nbsp;&nbsp; <strong>Centre for Contemporary Arts<\/strong>, Glasgow, Scotland. Sync. Group exhibition.<br \/>\n\u2022&nbsp;&nbsp; <strong>Glasgow Project Room<\/strong>, Glasgow, Scotland. Mountain Madness. Group exhibition. Curators : Neal Beggs &amp; Kevin Kelly.<br \/>\n\u2022&nbsp;&nbsp; <strong>High Street Project<\/strong>, Christchurch, New Zealand. Wallpaper video. Group exhibition.<br \/>\n\u2022&nbsp;&nbsp; <strong>Gulp Galleri<\/strong>, Reykivik, Iceland. Watch The Box.&nbsp;Collaboration with Pedro Moutinho. Curator : Saerun Steffansdottir.<\/p>\n<p><strong>1997<\/strong><\/p>\n<p>\u2022&nbsp;&nbsp; <strong>Assembly Gallery<\/strong>, Glasgow School of Art, Glasgow, Scotland. My Funky Arsehole. Group exhibition.<br \/>\n\u2022&nbsp;&nbsp; <strong>Waygood Gallery<\/strong>, Newcastle, England. Zuzu&rsquo;s Petals. Group exhibition. Curator : Darren Marshall.<br \/>\n\u2022&nbsp;&nbsp; <strong>Zone Gallery<\/strong>, Newcastle, England. I Don&rsquo;t Want To Play House. Group exhibition. Curator : Paul Stone.<\/p>\n<p><strong>1996<\/strong><\/p>\n<p>\u2022&nbsp;&nbsp; <strong>Transmission Gallery<\/strong>, Glasgow, Scotland. Art For People. Group exhibition.<\/p>\n<p><strong>1995<\/strong><\/p>\n<p>\u2022&nbsp;&nbsp; <strong>Aspex Gallery<\/strong>, Portsmouth, England. Group exhibition &#8211; Words.<\/p>\n<p><strong>1993<\/strong><\/p>\n<p>\u2022&nbsp;&nbsp; <strong>King&rsquo;s Manor Gallery<\/strong>, York, England. Constellation. Solo exhibition. Curator : Alexandra Parigoris.<br \/>\n\u2022&nbsp;&nbsp; <strong>Aberdeen Art Gallery<\/strong>, Aberdeen, Scotland. Group exhibition &#8211; Fotofeis 93. Curator : Alastair Foster.<\/p>\n<p><strong>1992<\/strong><\/p>\n<p>\u2022&nbsp;&nbsp; <strong>Centre for Contemporary Arts<\/strong>, Glasgow, Scotland. Salon Glasgow.&nbsp;Group exhibition. Curator : Andrew Nairne.<br \/>\n\u2022&nbsp;&nbsp; <strong>369 Gallery<\/strong>, Edinburgh, Scotland. Solo Exhibition. Curator : Andrew Brown.<\/p>\n","protected":false},"excerpt":{"rendered":"<p>2019 \u2022&nbsp;&nbsp; Artoth\u00e8que de Vitr\u00e9, Salle du Temple, Vitr\u00e9, France. Madame Orain and the Paimpol bean. Group exhibition. \u2022&nbsp;&nbsp; Artoth\u00e8que de Vitr\u00e9, M\u00e9diath\u00e8que, Vitr\u00e9, France. Solarium. Participative&nbsp;exhibition. \u2022&nbsp;&nbsp; Artoth\u00e8que de&hellip; <\/p>\n","protected":false},"author":1,"featured_media":169,"parent":0,"menu_order":0,"comment_status":"closed","ping_status":"closed","template":"","meta":{"ngg_post_thumbnail":0,"footnotes":""},"_links":{"self":[{"href":"http:\/\/www.davidmichaelclarke.com\/index.php?rest_route=\/wp\/v2\/pages\/583"}],"collection":[{"href":"http:\/\/www.davidmichaelclarke.com\/index.php?rest_route=\/wp\/v2\/pages"}],"about":[{"href":"http:\/\/www.davidmichaelclarke.com\/index.php?rest_route=\/wp\/v2\/types\/page"}],"author":[{"embeddable":true,"href":"http:\/\/www.davidmichaelclarke.com\/index.php?rest_route=\/wp\/v2\/users\/1"}],"replies":[{"embeddable":true,"href":"http:\/\/www.davidmichaelclarke.com\/index.php?rest_route=%2Fwp%2Fv2%2Fcomments&post=583"}],"version-history":[{"count":12,"href":"http:\/\/www.davidmichaelclarke.com\/index.php?rest_route=\/wp\/v2\/pages\/583\/revisions"}],"predecessor-version":[{"id":6248,"href":"http:\/\/www.davidmichaelclarke.com\/index.php?rest_route=\/wp\/v2\/pages\/583\/revisions\/6248"}],"wp:featuredmedia":[{"embeddable":true,"href":"http:\/\/www.davidmichaelclarke.com\/index.php?rest_route=\/wp\/v2\/media\/169"}],"wp:attachment":[{"href":"http:\/\/www.davidmichaelclarke.com\/index.php?rest_route=%2Fwp%2Fv2%2Fmedia&parent=583"}],"curies":[{"name":"wp","href":"https:\/\/api.w.org\/{rel}","templated":true}]}}